{"id":131613,"date":"2021-03-29T17:20:00","date_gmt":"2021-03-29T15:20:00","guid":{"rendered":"https:\/\/masmercat.com\/nachricht\/"},"modified":"2024-06-21T14:12:03","modified_gmt":"2024-06-21T12:12:03","slug":"nachricht","status":"publish","type":"page","link":"https:\/\/masmercat.com\/de\/nachricht\/","title":{"rendered":"News"},"content":{"rendered":"<div class=\"wpb-content-wrapper\"><p>[vc_row unlock_row_content=&#8220;yes&#8220; row_height_percent=&#8220;60&#8243; back_image=&#8220;130767&#8243; overlay_alpha=&#8220;35&#8243; gutter_size=&#8220;3&#8243; column_width_percent=&#8220;100&#8243; shift_y=&#8220;0&#8243; z_index=&#8220;0&#8243; uncode_shortcode_id=&#8220;160060&#8243;][vc_column column_width_percent=&#8220;100&#8243; position_vertical=&#8220;middle&#8220; align_horizontal=&#8220;align_center&#8220; gutter_size=&#8220;2&#8243; style=&#8220;dark&#8220; overlay_alpha=&#8220;50&#8243; shift_x=&#8220;0&#8243; shift_y=&#8220;0&#8243; shift_y_down=&#8220;0&#8243; z_index=&#8220;0&#8243; medium_width=&#8220;0&#8243; mobile_width=&#8220;0&#8243; width=&#8220;1\/1&#8243; uncode_shortcode_id=&#8220;179227&#8243;][vc_custom_heading heading_semantic=&#8220;h5&#8243; text_size=&#8220;&#8220; text_transform=&#8220;uppercase&#8220; uncode_shortcode_id=&#8220;212588&#8243;]News[\/vc_custom_heading][vc_custom_heading heading_semantic=&#8220;h1&#8243; text_size=&#8220;&#8220; text_weight=&#8220;700&#8243; uncode_shortcode_id=&#8220;941527&#8243;]Entdecken Sie unsere Neuigkeiten und Veranstaltungen[\/vc_custom_heading][\/vc_column][\/vc_row][vc_row unlock_row_content=&#8220;yes&#8220; row_height_percent=&#8220;0&#8243; override_padding=&#8220;yes&#8220; h_padding=&#8220;4&#8243; top_padding=&#8220;4&#8243; bottom_padding=&#8220;5&#8243; back_color=&#8220;color-lxmt&#8220; overlay_alpha=&#8220;100&#8243; gutter_size=&#8220;4&#8243; column_width_percent=&#8220;100&#8243; shift_y=&#8220;0&#8243; z_index=&#8220;0&#8243; top_divider=&#8220;gradient&#8220; style=&#8220;inherited&#8220; uncode_shortcode_id=&#8220;541121&#8243; back_color_type=&#8220;uncode-palette&#8220;][vc_column column_width_percent=&#8220;100&#8243; position_horizontal=&#8220;left&#8220; gutter_size=&#8220;3&#8243; font_family=&#8220;font-175345&#8243; overlay_alpha=&#8220;100&#8243; shift_x=&#8220;0&#8243; shift_y=&#8220;0&#8243; shift_y_down=&#8220;0&#8243; z_index=&#8220;0&#8243; medium_width=&#8220;0&#8243; mobile_width=&#8220;0&#8243; zoom_width=&#8220;0&#8243; zoom_height=&#8220;0&#8243; width=&#8220;3\/4&#8243; mobile_width_full=&#8220;&#8220; uncode_shortcode_id=&#8220;272318&#8243;][uncode_index el_id=&#8220;index-119238936&#8243; isotope_mode=&#8220;vertical&#8220; loop=&#8220;size:10|order_by:date|order:DESC|post_type:post|taxonomy_count:10&#8243; screen_lg=&#8220;1200&#8243; screen_md=&#8220;600&#8243; screen_sm=&#8220;480&#8243; gutter_size=&#8220;4&#8243; post_items=&#8220;media|featured|onpost|original,date,title,text|excerpt|200&#8243; page_items=&#8220;title,media,text,category&#8220; product_items=&#8220;title,media,text,category,price&#8220; portfolio_items=&#8220;title,media,text,category&#8220; single_width=&#8220;6&#8243; images_size=&#8220;three-two&#8220; single_back_color=&#8220;color-xsdn&#8220; single_shape=&#8220;round&#8220; single_overlay_opacity=&#8220;50&#8243; single_overlay_anim=&#8220;no&#8220; single_text_visible=&#8220;yes&#8220; single_text_anim=&#8220;no&#8220; single_h_align=&#8220;justify&#8220; single_padding=&#8220;3&#8243; single_title_dimension=&#8220;h3&#8243; single_title_weight=&#8220;700&#8243; single_meta_custom_typo=&#8220;yes&#8220; single_meta_size=&#8220;large&#8220; single_border=&#8220;yes&#8220; single_css_animation=&#8220;bottom-t-top&#8220; single_animation_delay=&#8220;200&#8243; single_text_hover=&#8220;&#8220; single_block_click=&#8220;&#8220; single_no_background=&#8220;&#8220; single_title_serif=&#8220;&#8220; single_title_divider=&#8220;&#8220; single_half_padding=&#8220;&#8220; single_title_bold=&#8220;yes&#8220; footer_position=&#8220;left&#8220; carousel_rtl=&#8220;&#8220; uncode_shortcode_id=&#8220;102582&#8243;][\/vc_column][vc_column width=&#8220;1\/4&#8243;][vc_widget_sidebar sidebar_id=&#8220;sidebar-1&#8243;][\/vc_column][\/vc_row][vc_row row_height_percent=&#8220;0&#8243; back_color=&#8220;color-vyce&#8220; overlay_alpha=&#8220;50&#8243; gutter_size=&#8220;3&#8243; column_width_percent=&#8220;100&#8243; shift_y=&#8220;0&#8243; z_index=&#8220;0&#8243; uncode_shortcode_id=&#8220;164094&#8243; back_color_type=&#8220;uncode-palette&#8220;][vc_column width=&#8220;1\/1&#8243;][vc_row_inner row_inner_height_percent=&#8220;0&#8243; overlay_alpha=&#8220;50&#8243; gutter_size=&#8220;4&#8243; shift_y=&#8220;0&#8243; z_index=&#8220;0&#8243; limit_content=&#8220;&#8220; uncode_shortcode_id=&#8220;149741&#8243;][vc_column_inner column_width_percent=&#8220;100&#8243; gutter_size=&#8220;3&#8243; style=&#8220;dark&#8220; overlay_alpha=&#8220;50&#8243; shift_x=&#8220;0&#8243; shift_y=&#8220;0&#8243; shift_y_down=&#8220;0&#8243; z_index=&#8220;0&#8243; medium_width=&#8220;4&#8243; mobile_width=&#8220;0&#8243; width=&#8220;3\/12&#8243; uncode_shortcode_id=&#8220;648849&#8243;][vc_custom_heading heading_semantic=&#8220;h3&#8243; text_size=&#8220;h3&#8243; text_weight=&#8220;700&#8243; uncode_shortcode_id=&#8220;142065&#8243;]MasMercat[\/vc_custom_heading][vc_custom_heading heading_semantic=&#8220;h6&#8243; text_size=&#8220;h4&#8243; text_weight=&#8220;400&#8243; uncode_shortcode_id=&#8220;651797&#8243;]Vertrieb und<br \/>\nVermarktung<br \/>\nvon Obst und Gem\u00fcse<br \/>\nf\u00fcr Kanal HORECA[\/vc_custom_heading][\/vc_column_inner][vc_column_inner column_width_percent=&#8220;100&#8243; gutter_size=&#8220;3&#8243; style=&#8220;dark&#8220; overlay_alpha=&#8220;50&#8243; shift_x=&#8220;0&#8243; shift_y=&#8220;0&#8243; shift_y_down=&#8220;0&#8243; z_index=&#8220;0&#8243; medium_width=&#8220;3&#8243; mobile_width=&#8220;0&#8243; width=&#8220;3\/12&#8243; uncode_shortcode_id=&#8220;191807&#8243;][vc_custom_heading heading_semantic=&#8220;h3&#8243; text_size=&#8220;h3&#8243; text_weight=&#8220;700&#8243; uncode_shortcode_id=&#8220;860853&#8243;]Kontakt[\/vc_custom_heading][vc_custom_heading heading_semantic=&#8220;h6&#8243; text_size=&#8220;h4&#8243; text_weight=&#8220;400&#8243; uncode_shortcode_id=&#8220;172308&#8243;]<a href=\"tel:\/\/+34603365404\">+34 603 36 54 04<\/a>[\/vc_custom_heading][vc_custom_heading heading_semantic=&#8220;h6&#8243; text_size=&#8220;h4&#8243; text_weight=&#8220;400&#8243; uncode_shortcode_id=&#8220;149000&#8243;]<a href=\"mailto:info@masmercat.com\" target=\"_blank\" rel=\"noopener\">info@masmercat.com<\/a>[\/vc_custom_heading][uncode_socials size=&#8220;lead&#8220;][\/vc_column_inner][vc_column_inner column_width_percent=&#8220;100&#8243; gutter_size=&#8220;3&#8243; style=&#8220;dark&#8220; overlay_alpha=&#8220;50&#8243; shift_x=&#8220;0&#8243; shift_y=&#8220;0&#8243; shift_y_down=&#8220;0&#8243; z_index=&#8220;0&#8243; medium_width=&#8220;4&#8243; mobile_width=&#8220;0&#8243; width=&#8220;2\/12&#8243; uncode_shortcode_id=&#8220;560387&#8243;][vc_custom_heading heading_semantic=&#8220;h3&#8243; text_size=&#8220;h3&#8243; text_weight=&#8220;700&#8243; uncode_shortcode_id=&#8220;200217&#8243;]Obst[\/vc_custom_heading][vc_custom_heading heading_semantic=&#8220;h6&#8243; text_size=&#8220;h4&#8243; text_weight=&#8220;400&#8243; uncode_shortcode_id=&#8220;756390&#8243; el_class=&#8220;footer-links&#8220;]<a href=\"https:\/\/masmercat.com\/de\/produkte\/#citricos\" target=\"_blank\" rel=\"noopener\">Zitrusfr\u00fcchte<\/a><br \/>\n<a href=\"https:\/\/masmercat.com\/de\/produkte\/#hueso\" target=\"_blank\" rel=\"noopener\">Steinfrucht<\/a><br \/>\n<a href=\"https:\/\/masmercat.com\/de\/produkte\/#exoticos\" target=\"_blank\" rel=\"noopener\">Rote und exotische Fr\u00fcchte<\/a><br \/>\n<a href=\"https:\/\/masmercat.com\/de\/produkte\/#variada\" target=\"_blank\" rel=\"noopener\">Abwechslungsreiches Obst<\/a>[\/vc_custom_heading][\/vc_column_inner][vc_column_inner column_width_percent=&#8220;100&#8243; gutter_size=&#8220;3&#8243; style=&#8220;dark&#8220; overlay_alpha=&#8220;50&#8243; shift_x=&#8220;0&#8243; shift_y=&#8220;0&#8243; shift_y_down=&#8220;0&#8243; z_index=&#8220;0&#8243; medium_width=&#8220;4&#8243; mobile_width=&#8220;0&#8243; width=&#8220;2\/12&#8243; uncode_shortcode_id=&#8220;550323&#8243;][vc_custom_heading heading_semantic=&#8220;h3&#8243; text_size=&#8220;h3&#8243; text_weight=&#8220;700&#8243; uncode_shortcode_id=&#8220;150147&#8243;]Gem\u00fcse[\/vc_custom_heading][vc_custom_heading heading_semantic=&#8220;h6&#8243; text_size=&#8220;h4&#8243; text_weight=&#8220;400&#8243; uncode_shortcode_id=&#8220;194902&#8243; el_class=&#8220;footer-links&#8220;]<a href=\"https:\/\/masmercat.com\/de\/produkte\/#verduras\" target=\"_blank\" rel=\"noopener\">Zucchini<\/a><br \/>\n<a href=\"https:\/\/masmercat.com\/de\/produkte\/#verduras\" target=\"_blank\" rel=\"noopener\">Auberginen<\/a><br \/>\n<a href=\"https:\/\/masmercat.com\/de\/produkte\/#verduras\" target=\"_blank\" rel=\"noopener\">Paprika<\/a><br \/>\n<a href=\"https:\/\/masmercat.com\/de\/produkte\/#verduras\" target=\"_blank\" rel=\"noopener\">Zwiebeln<\/a><br \/>\n<a href=\"https:\/\/masmercat.com\/de\/produkte\/#verduras\" target=\"_blank\" rel=\"noopener\">Salate<\/a>[\/vc_custom_heading][\/vc_column_inner][vc_column_inner column_width_percent=&#8220;100&#8243; gutter_size=&#8220;3&#8243; style=&#8220;dark&#8220; overlay_alpha=&#8220;50&#8243; shift_x=&#8220;0&#8243; shift_y=&#8220;0&#8243; shift_y_down=&#8220;0&#8243; z_index=&#8220;0&#8243; medium_width=&#8220;0&#8243; mobile_width=&#8220;0&#8243; width=&#8220;2\/12&#8243; uncode_shortcode_id=&#8220;192764&#8243;][vc_custom_heading text_font=&#8220;font-114434&#8243; text_size=&#8220;h3&#8243; text_weight=&#8220;700&#8243; text_height=&#8220;fontheight-357766&#8243; uncode_shortcode_id=&#8220;187858&#8243;]Legal[\/vc_custom_heading][vc_custom_heading heading_semantic=&#8220;h6&#8243; text_size=&#8220;h4&#8243; text_weight=&#8220;400&#8243; uncode_shortcode_id=&#8220;119221&#8243; el_class=&#8220;footer-links&#8220;]<a href=\"https:\/\/masmercat.com\/aviso-legal\/\" target=\"_blank\" rel=\"noopener\">AGB<\/a><br \/>\n<a href=\"https:\/\/masmercat.com\/politica-privacidad\/\" target=\"_blank\" rel=\"noopener\">Datenshutzregelungen<\/a><br \/>\n<a href=\"https:\/\/masmercat.com\/politica-de-cookies-ue\/\" target=\"_blank\" rel=\"noopener\">Cookies<\/a><br \/>\n<a href=\"https:\/\/masmercat.com\/accesibilidad\/\" target=\"_blank\" rel=\"noopener\">Accessibility<\/a>[\/vc_custom_heading][\/vc_column_inner][\/vc_row_inner][\/vc_column][\/vc_row]<\/p>\n<\/div>","protected":false},"excerpt":{"rendered":"<p>[vc_row unlock_row_content=&#8220;yes&#8220; row_height_percent=&#8220;60&#8243; back_image=&#8220;130767&#8243; overlay_alpha=&#8220;35&#8243; gutter_size=&#8220;3&#8243; column_width_percent=&#8220;100&#8243; shift_y=&#8220;0&#8243; z_index=&#8220;0&#8243; uncode_shortcode_id=&#8220;160060&#8243;][vc_column column_width_percent=&#8220;100&#8243; position_vertical=&#8220;middle&#8220; align_horizontal=&#8220;align_center&#8220; gutter_size=&#8220;2&#8243; style=&#8220;dark&#8220; overlay_alpha=&#8220;50&#8243; shift_x=&#8220;0&#8243; shift_y=&#8220;0&#8243; shift_y_down=&#8220;0&#8243; z_index=&#8220;0&#8243; [&hellip;]<\/p>\n","protected":false},"author":2,"featured_media":0,"parent":0,"menu_order":0,"comment_status":"closed","ping_status":"closed","template":"","meta":{"footnotes":""},"class_list":["post-131613","page","type-page","status-publish","hentry"],"yoast_head":"<!-- This site is optimized with the Yoast SEO plugin v27.3 - https:\/\/yoast.com\/product\/yoast-seo-wordpress\/ -->\n<title>News - MasMercat<\/title>\n<meta name=\"description\" content=\"Nachrichten und relevante Informationen \u00fcber Obst und Gem\u00fcse, um das ausgezeichnete spanische Produkt f\u00fcr ein gesundes Leben bekannt zu machen.\" \/>\n<meta name=\"robots\" content=\"index, follow, max-snippet:-1, max-image-preview:large, max-video-preview:-1\" \/>\n<link rel=\"canonical\" href=\"https:\/\/masmercat.com\/de\/nachricht\/\" \/>\n<meta property=\"og:locale\" content=\"de_DE\" \/>\n<meta property=\"og:type\" content=\"article\" \/>\n<meta property=\"og:title\" content=\"News - MasMercat\" \/>\n<meta property=\"og:description\" content=\"Nachrichten und relevante Informationen \u00fcber Obst und Gem\u00fcse, um das ausgezeichnete spanische Produkt f\u00fcr ein gesundes Leben bekannt zu machen.\" \/>\n<meta property=\"og:url\" content=\"https:\/\/masmercat.com\/de\/nachricht\/\" \/>\n<meta property=\"og:site_name\" content=\"MasMercat\" \/>\n<meta property=\"article:publisher\" content=\"https:\/\/www.facebook.com\/MasMercat\" \/>\n<meta property=\"article:modified_time\" content=\"2024-06-21T12:12:03+00:00\" \/>\n<meta name=\"twitter:card\" content=\"summary_large_image\" \/>\n<meta name=\"twitter:label1\" content=\"Gesch\u00e4tzte Lesezeit\" \/>\n\t<meta name=\"twitter:data1\" content=\"4\u00a0Minuten\" \/>\n<script type=\"application\/ld+json\" class=\"yoast-schema-graph\">{\"@context\":\"https:\\\/\\\/schema.org\",\"@graph\":[{\"@type\":\"WebPage\",\"@id\":\"https:\\\/\\\/masmercat.com\\\/de\\\/nachricht\\\/\",\"url\":\"https:\\\/\\\/masmercat.com\\\/de\\\/nachricht\\\/\",\"name\":\"News - MasMercat\",\"isPartOf\":{\"@id\":\"https:\\\/\\\/masmercat.com\\\/de\\\/#website\"},\"datePublished\":\"2021-03-29T15:20:00+00:00\",\"dateModified\":\"2024-06-21T12:12:03+00:00\",\"description\":\"Nachrichten und relevante Informationen \u00fcber Obst und Gem\u00fcse, um das ausgezeichnete spanische Produkt f\u00fcr ein gesundes Leben bekannt zu machen.\",\"breadcrumb\":{\"@id\":\"https:\\\/\\\/masmercat.com\\\/de\\\/nachricht\\\/#breadcrumb\"},\"inLanguage\":\"de\",\"potentialAction\":[{\"@type\":\"ReadAction\",\"target\":[\"https:\\\/\\\/masmercat.com\\\/de\\\/nachricht\\\/\"]}]},{\"@type\":\"BreadcrumbList\",\"@id\":\"https:\\\/\\\/masmercat.com\\\/de\\\/nachricht\\\/#breadcrumb\",\"itemListElement\":[{\"@type\":\"ListItem\",\"position\":1,\"name\":\"Portada\",\"item\":\"https:\\\/\\\/masmercat.com\\\/de\\\/masmercat-obst-und-gemueselieferant\\\/\"},{\"@type\":\"ListItem\",\"position\":2,\"name\":\"News\"}]},{\"@type\":\"WebSite\",\"@id\":\"https:\\\/\\\/masmercat.com\\\/de\\\/#website\",\"url\":\"https:\\\/\\\/masmercat.com\\\/de\\\/\",\"name\":\"MasMercat\",\"description\":\"Distribuci\u00f3n y Comercializaci\u00f3n de Frutas y Verduras\",\"publisher\":{\"@id\":\"https:\\\/\\\/masmercat.com\\\/de\\\/#organization\"},\"alternateName\":\"Masmercat\",\"potentialAction\":[{\"@type\":\"SearchAction\",\"target\":{\"@type\":\"EntryPoint\",\"urlTemplate\":\"https:\\\/\\\/masmercat.com\\\/de\\\/?s={search_term_string}\"},\"query-input\":{\"@type\":\"PropertyValueSpecification\",\"valueRequired\":true,\"valueName\":\"search_term_string\"}}],\"inLanguage\":\"de\"},{\"@type\":\"Organization\",\"@id\":\"https:\\\/\\\/masmercat.com\\\/de\\\/#organization\",\"name\":\"MasMercat\",\"alternateName\":\"Masmercat\",\"url\":\"https:\\\/\\\/masmercat.com\\\/de\\\/\",\"logo\":{\"@type\":\"ImageObject\",\"inLanguage\":\"de\",\"@id\":\"https:\\\/\\\/masmercat.com\\\/de\\\/#\\\/schema\\\/logo\\\/image\\\/\",\"url\":\"https:\\\/\\\/masmercat.com\\\/wp-content\\\/uploads\\\/2024\\\/02\\\/cropped-cropped-MASMERCAT-e1707732453269.png\",\"contentUrl\":\"https:\\\/\\\/masmercat.com\\\/wp-content\\\/uploads\\\/2024\\\/02\\\/cropped-cropped-MASMERCAT-e1707732453269.png\",\"width\":512,\"height\":512,\"caption\":\"MasMercat\"},\"image\":{\"@id\":\"https:\\\/\\\/masmercat.com\\\/de\\\/#\\\/schema\\\/logo\\\/image\\\/\"},\"sameAs\":[\"https:\\\/\\\/www.facebook.com\\\/MasMercat\",\"https:\\\/\\\/www.instagram.com\\\/masmercat\\\/\",\"https:\\\/\\\/www.youtube.com\\\/@Masmercat\"]}]}<\/script>\n<!-- \/ Yoast SEO plugin. -->","yoast_head_json":{"title":"News - MasMercat","description":"Nachrichten und relevante Informationen \u00fcber Obst und Gem\u00fcse, um das ausgezeichnete spanische Produkt f\u00fcr ein gesundes Leben bekannt zu machen.","robots":{"index":"index","follow":"follow","max-snippet":"max-snippet:-1","max-image-preview":"max-image-preview:large","max-video-preview":"max-video-preview:-1"},"canonical":"https:\/\/masmercat.com\/de\/nachricht\/","og_locale":"de_DE","og_type":"article","og_title":"News - MasMercat","og_description":"Nachrichten und relevante Informationen \u00fcber Obst und Gem\u00fcse, um das ausgezeichnete spanische Produkt f\u00fcr ein gesundes Leben bekannt zu machen.","og_url":"https:\/\/masmercat.com\/de\/nachricht\/","og_site_name":"MasMercat","article_publisher":"https:\/\/www.facebook.com\/MasMercat","article_modified_time":"2024-06-21T12:12:03+00:00","twitter_card":"summary_large_image","twitter_misc":{"Gesch\u00e4tzte Lesezeit":"4\u00a0Minuten"},"schema":{"@context":"https:\/\/schema.org","@graph":[{"@type":"WebPage","@id":"https:\/\/masmercat.com\/de\/nachricht\/","url":"https:\/\/masmercat.com\/de\/nachricht\/","name":"News - MasMercat","isPartOf":{"@id":"https:\/\/masmercat.com\/de\/#website"},"datePublished":"2021-03-29T15:20:00+00:00","dateModified":"2024-06-21T12:12:03+00:00","description":"Nachrichten und relevante Informationen \u00fcber Obst und Gem\u00fcse, um das ausgezeichnete spanische Produkt f\u00fcr ein gesundes Leben bekannt zu machen.","breadcrumb":{"@id":"https:\/\/masmercat.com\/de\/nachricht\/#breadcrumb"},"inLanguage":"de","potentialAction":[{"@type":"ReadAction","target":["https:\/\/masmercat.com\/de\/nachricht\/"]}]},{"@type":"BreadcrumbList","@id":"https:\/\/masmercat.com\/de\/nachricht\/#breadcrumb","itemListElement":[{"@type":"ListItem","position":1,"name":"Portada","item":"https:\/\/masmercat.com\/de\/masmercat-obst-und-gemueselieferant\/"},{"@type":"ListItem","position":2,"name":"News"}]},{"@type":"WebSite","@id":"https:\/\/masmercat.com\/de\/#website","url":"https:\/\/masmercat.com\/de\/","name":"MasMercat","description":"Distribuci\u00f3n y Comercializaci\u00f3n de Frutas y Verduras","publisher":{"@id":"https:\/\/masmercat.com\/de\/#organization"},"alternateName":"Masmercat","potentialAction":[{"@type":"SearchAction","target":{"@type":"EntryPoint","urlTemplate":"https:\/\/masmercat.com\/de\/?s={search_term_string}"},"query-input":{"@type":"PropertyValueSpecification","valueRequired":true,"valueName":"search_term_string"}}],"inLanguage":"de"},{"@type":"Organization","@id":"https:\/\/masmercat.com\/de\/#organization","name":"MasMercat","alternateName":"Masmercat","url":"https:\/\/masmercat.com\/de\/","logo":{"@type":"ImageObject","inLanguage":"de","@id":"https:\/\/masmercat.com\/de\/#\/schema\/logo\/image\/","url":"https:\/\/masmercat.com\/wp-content\/uploads\/2024\/02\/cropped-cropped-MASMERCAT-e1707732453269.png","contentUrl":"https:\/\/masmercat.com\/wp-content\/uploads\/2024\/02\/cropped-cropped-MASMERCAT-e1707732453269.png","width":512,"height":512,"caption":"MasMercat"},"image":{"@id":"https:\/\/masmercat.com\/de\/#\/schema\/logo\/image\/"},"sameAs":["https:\/\/www.facebook.com\/MasMercat","https:\/\/www.instagram.com\/masmercat\/","https:\/\/www.youtube.com\/@Masmercat"]}]}},"_links":{"self":[{"href":"https:\/\/masmercat.com\/de\/wp-json\/wp\/v2\/pages\/131613","targetHints":{"allow":["GET"]}}],"collection":[{"href":"https:\/\/masmercat.com\/de\/wp-json\/wp\/v2\/pages"}],"about":[{"href":"https:\/\/masmercat.com\/de\/wp-json\/wp\/v2\/types\/page"}],"author":[{"embeddable":true,"href":"https:\/\/masmercat.com\/de\/wp-json\/wp\/v2\/users\/2"}],"replies":[{"embeddable":true,"href":"https:\/\/masmercat.com\/de\/wp-json\/wp\/v2\/comments?post=131613"}],"version-history":[{"count":11,"href":"https:\/\/masmercat.com\/de\/wp-json\/wp\/v2\/pages\/131613\/revisions"}],"predecessor-version":[{"id":131650,"href":"https:\/\/masmercat.com\/de\/wp-json\/wp\/v2\/pages\/131613\/revisions\/131650"}],"wp:attachment":[{"href":"https:\/\/masmercat.com\/de\/wp-json\/wp\/v2\/media?parent=131613"}],"curies":[{"name":"wp","href":"https:\/\/api.w.org\/{rel}","templated":true}]}}